{"id":1892,"date":"2024-06-12T12:29:37","date_gmt":"2024-06-12T10:29:37","guid":{"rendered":"https:\/\/builder.kanalioapp.com\/?page_id=1892"},"modified":"2024-06-18T10:20:30","modified_gmt":"2024-06-18T08:20:30","slug":"cookies","status":"publish","type":"page","link":"https:\/\/parkingdiagonalrambla.es\/fr\/cookies\/","title":{"rendered":"Politique de cookies"},"content":{"rendered":"<div data-elementor-type=\"wp-page\" data-elementor-id=\"1892\" class=\"elementor elementor-1892\" data-elementor-post-type=\"page\">\n\t\t\t\t<div class=\"elementor-element elementor-element-7ce2e83 e-flex e-con-boxed e-con e-parent\" data-id=\"7ce2e83\" data-element_type=\"container\">\n\t\t\t\t\t<div class=\"e-con-inner\">\n\t\t\t\t<div class=\"elementor-element elementor-element-a892012 elementor-widget elementor-widget-html\" data-id=\"a892012\" data-element_type=\"widget\" data-widget_type=\"html.default\">\n\t\t\t\t<div class=\"elementor-widget-container\">\n\t\t\t\t\t<!DOCTYPE html>\n<html lang=\"es\">\n<head>\n    <meta charset=\"UTF-8\">\n    <title>politique de confidentialit\u00e9<\/title>\n    <style>\n        \/* Agrega alg\u00fan estilo b\u00e1sico para que sea m\u00e1s agradable visualmente *\/\n       \n        p, ol, li {\n            margin-bottom: 10px;\n        }\n    <\/style>\n<\/head>\n<body>\n    <h1 class=\"privacy-policy-h1\">politique de confidentialit\u00e9<\/h1>\n    <br><span>Derni\u00e8re mise \u00e0 jour\u00a0: 18 juin 2024<\/span>\n    <br><span>Date d&#039;entr\u00e9e en vigueur\u00a0: 18 juin 2024<\/span>\n    \n\n    <p class=\"privacy-policy-p\" id=\"intro\"><\/p>\n\n    <p class=\"privacy-policy-p\">\n        Nous pouvons modifier cette politique de confidentialit\u00e9 \u00e0 tout moment sans pr\u00e9avis et publierons la politique de confidentialit\u00e9 r\u00e9vis\u00e9e sur le service. La politique r\u00e9vis\u00e9e entrera en vigueur 180 jours \u00e0 compter de sa publication sur le service et votre acc\u00e8s continu ou votre utilisation du service apr\u00e8s cette p\u00e9riode constituera votre acceptation de la politique de confidentialit\u00e9 r\u00e9vis\u00e9e. Par cons\u00e9quent, nous vous recommandons de consulter p\u00e9riodiquement cette page.\n    <\/p>\n\n    <ol class=\"privacy-policy-ol\">\n        <li>\n            <h2 class=\"privacy-policy-h2\">\n                Informations que nous collectons\u00a0:\n            <\/h2>\n            <p class=\"privacy-policy-p\">\n                Nous collecterons et traiterons les informations personnelles suivantes vous concernant :\n            <\/p>\n            <ol class=\"privacy-policy-ol\">\n                <li>Nom<\/li>\n                <li>E-mail<\/li>\n                <li>Mobile<\/li>\n            <\/ol>\n        <\/li>\n\n        <li>\n            <h2 class=\"privacy-policy-h2\">\n                Comment nous utilisons vos informations\u00a0:\n            <\/h2>\n            <p class=\"privacy-policy-p\">\n                Nous utiliserons les informations que nous collectons \u00e0 votre sujet aux fins suivantes\u00a0:\n            <\/p>\n            <ol class=\"privacy-policy-ol\">\n                <li>G\u00e9rer la commande client<\/li>\n            <\/ol>\n            <p class=\"privacy-policy-p\">\n                Si nous souhaitons utiliser vos informations \u00e0 d&#039;autres fins, nous vous demanderons votre consentement et n&#039;utiliserons vos informations qu&#039;apr\u00e8s r\u00e9ception de votre consentement et uniquement aux fins pour lesquelles vous donnez votre consentement, sauf si nous sommes tenus de faire autrement. par la loi.\n            <\/p>\n        <\/li>\n\n        <li>\n            <h2 class=\"privacy-policy-h2\">\n                Conservation de vos informations\u00a0:\n            <\/h2>\n            <p class=\"privacy-policy-p\">\n                Nous conserverons vos informations personnelles chez nous pendant une p\u00e9riode de 90 jours \u00e0 2 ans apr\u00e8s la r\u00e9siliation du compte par l&#039;utilisateur ou aussi longtemps que nous en aurons besoin pour atteindre les objectifs pour lesquels elles ont \u00e9t\u00e9 collect\u00e9es, comme d\u00e9taill\u00e9 dans la pr\u00e9sente politique de confidentialit\u00e9. Nous pouvons avoir besoin de conserver certaines informations pendant des p\u00e9riodes plus longues, telles que la tenue de registres ou de rapports conform\u00e9ment \u00e0 la loi applicable ou pour d&#039;autres raisons l\u00e9gitimes, telles que l&#039;application de droits l\u00e9gaux, la pr\u00e9vention de la fraude, etc. Les informations r\u00e9siduelles anonymes et les informations agr\u00e9g\u00e9es, qui ne vous identifient pas (directement ou indirectement), peuvent \u00eatre conserv\u00e9es ind\u00e9finiment.\n            <\/p>\n        <\/li>\n    \n        <li>\n            <h2 class=\"privacy-policy-h2\">\n                Vos droits\u00a0:\n            <\/h2>\n            <p class=\"privacy-policy-p\">\n                Selon la loi applicable, vous pouvez avoir le droit d&#039;acc\u00e9der et de rectifier ou d&#039;effacer vos donn\u00e9es personnelles ou de recevoir une copie de vos donn\u00e9es personnelles, de restreindre ou de vous opposer au traitement actif de vos donn\u00e9es, de nous demander de partager (porter) vos donn\u00e9es personnelles vers une autre entit\u00e9, retirer tout consentement que vous nous avez fourni pour traiter vos donn\u00e9es, le droit de d\u00e9poser une plainte aupr\u00e8s d&#039;une autorit\u00e9 judiciaire et d&#039;autres droits pertinents en vertu des lois applicables. Pour exercer ces droits, vous pouvez nous \u00e9crire \u00e0\n                <span id=\"email\"><\/span>. Nous r\u00e9pondrons \u00e0 votre demande conform\u00e9ment \u00e0 la loi applicable.\n            <\/p>\n            <p class=\"privacy-policy-p\">\n                Veuillez noter que si vous ne nous autorisez pas \u00e0 collecter ou \u00e0 traiter les informations personnelles n\u00e9cessaires ou si vous retirez votre consentement \u00e0 les traiter aux fins requises, vous ne pourrez peut-\u00eatre pas acc\u00e9der ou utiliser les services pour lesquels vos informations ont \u00e9t\u00e9 demand\u00e9es.\n            <\/p>\n        <\/li>\n\n        <li>\n            <h2 class=\"privacy-policy-h2\">\n                S\u00e9curit\u00e9:\n            <\/h2>\n            <p class=\"privacy-policy-p\">\n                La s\u00e9curit\u00e9 de vos informations est importante pour nous et nous utiliserons des mesures de s\u00e9curit\u00e9 raisonnables pour emp\u00eacher la perte, l&#039;utilisation abusive ou la modification non autoris\u00e9e de vos informations sous notre contr\u00f4le. Cependant, compte tenu de la nature inh\u00e9rente des risques, nous ne pouvons garantir une s\u00e9curit\u00e9 absolue et nous ne pouvons donc pas assurer ou garantir la s\u00e9curit\u00e9 des informations que vous nous transmettez et vous le faites \u00e0 vos propres risques.\n            <\/p>\n        <\/li>\n\n        <li>\n            <h2 class=\"privacy-policy-h2\">\n                R\u00e9clamations \/ D\u00e9l\u00e9gu\u00e9 \u00e0 la protection des donn\u00e9es\u00a0:\n            <\/h2>\n            <p class=\"privacy-policy-p\">\n                Si vous avez des questions ou des pr\u00e9occupations concernant le traitement de vos informations en notre possession, vous pouvez envoyer un e-mail \u00e0 notre d\u00e9l\u00e9gu\u00e9 \u00e0 la protection des donn\u00e9es \u00e0 l&#039;adresse\n                <span id=\"parkingName\"><\/span>,\n                <span id=\"address\"><\/span>, e-mail: <span id=\"email2\"><\/span>. Nous r\u00e9pondrons \u00e0 vos pr\u00e9occupations conform\u00e9ment \u00e0 la loi applicable.\n            <\/p>\n        <\/li>\n    <\/ol>\n\n\n    <script>\n \n\n        \/\/ Insertar los datos din\u00e1micamente en el HTML\n        document.getElementById(\"intro\").innerHTML = `${parkingName},<br>${address},<br>${city},<br>${postalCode},<br>${country},<br>email: <a href=\"mailto:${email}\">${email}<\/a>,<br>tel\u00e9fono: ${phone}<br>sobre la recopilaci\u00f3n, uso y divulgaci\u00f3n de su informaci\u00f3n que recopilamos cuando utiliza nuestro sitio web (<a href=\"${website}\">${website}<\/a>). (el \u201cServicio\u201d). Al acceder o usar el Servicio, usted consiente la recopilaci\u00f3n, uso y divulgaci\u00f3n de su informaci\u00f3n de acuerdo con esta Pol\u00edtica de Privacidad. Si no consiente lo mismo, por favor, no acceda ni use el Servicio.`;\n\n        document.getElementById(\"email\").innerHTML = `<a href=\"mailto:${email}\">${email}<\/a>`;\n        document.getElementById(\"parkingName\").textContent = parkingName;\n        document.getElementById(\"address\").textContent = `${address}, ${city}, ${postalCode}, ${country}`;\n        document.getElementById(\"email2\").innerHTML = `<a href=\"mailto:${email}\">${email}<\/a>`;\n    <\/script>\n<\/body>\n<\/html>\n\t\t\t\t<\/div>\n\t\t\t\t<\/div>\n\t\t\t\t\t<\/div>\n\t\t\t\t<\/div>\n\t\t<div class=\"elementor-element elementor-element-0efdb13 e-flex e-con-boxed e-con e-parent\" data-id=\"0efdb13\" data-element_type=\"container\">\n\t\t\t\t\t<div class=\"e-con-inner\">\n\t\t\t\t<div class=\"elementor-element elementor-element-bfddad7 elementor-widget elementor-widget-html\" data-id=\"bfddad7\" data-element_type=\"widget\" data-widget_type=\"html.default\">\n\t\t\t\t<div class=\"elementor-widget-container\">\n\t\t\t\t\t<script>\n    document.addEventListener(\"DOMContentLoaded\", function() {\n    \/\/ Accede a los datos localizados\n    const parkingName = acfData.parkingName || \"Nombre del Parking no disponible\";\n    const address = acfData.address || \"Direcci\u00f3n no disponible\";\n    const city = acfData.city || \"Ciudad no disponible\";\n    const postalCode = acfData.postalCode || \"C\u00f3digo Postal no disponible\";\n    const country = acfData.country || \"Pa\u00eds no disponible\";\n    const email = acfData.email || \"Correo no disponible\";\n    const phone = acfData.phone || \"Tel\u00e9fono no disponible\";\n    const website = acfData.website;\n\n    \/\/ Ahora puedes usar estos datos para actualizar el contenido del DOM o cualquier otro uso\n    console.log(\"Parking Name:\", parkingName);\n    console.log(\"Address:\", address);\n    console.log(\"City:\", city);\n    console.log(\"Postal Code:\", postalCode);\n    console.log(\"Country:\", country);\n    console.log(\"Email:\", email);\n    console.log(\"Phone:\", phone);\n    console.log(\"Website:\", website);\n\n    \/\/ Por ejemplo, actualizando el contenido de los elementos HTML\n    document.getElementById(\"intro\").innerHTML = `${parkingName},<br>${address},${city},${postalCode}, ${country},<br>Correo electr\u00f3nico: <a href=\"mailto:${email}\">${email}<\/a>,<br>Tel\u00e9fono de contacto: ${phone}<br> P\u00e1gina web: <a href=\"${website}\">${website}<\/a>`;\n\n    document.getElementById(\"email\").innerHTML = `<a href=\"mailto:${email}\">${email}<\/a>`;\n    document.getElementById(\"parkingName\").textContent = parkingName;\n    document.getElementById(\"address\").textContent = `${address}, ${city}, ${postalCode}, ${country}`;\n    document.getElementById(\"email2\").innerHTML = `<a href=\"mailto:${email}\">${email}<\/a>`;\n});\n\n<\/script>\t\t\t\t<\/div>\n\t\t\t\t<\/div>\n\t\t\t\t\t<\/div>\n\t\t\t\t<\/div>\n\t\t\t\t<\/div>","protected":false},"excerpt":{"rendered":"<p>Pol\u00edtica de Privacidad Pol\u00edtica de Privacidad \u00daltima Actualizaci\u00f3n: 18-Jun-2024 Fecha de Entrada en Vigor: 18-Jun-2024 Podemos modificar esta Pol\u00edtica de [&hellip;]<\/p>","protected":false},"author":1,"featured_media":0,"parent":0,"menu_order":0,"comment_status":"closed","ping_status":"closed","template":"elementor_header_footer","meta":{"site-sidebar-layout":"default","site-content-layout":"","ast-site-content-layout":"","site-content-style":"default","site-sidebar-style":"default","ast-global-header-display":"","ast-banner-title-visibility":"","ast-main-header-display":"","ast-hfb-above-header-display":"","ast-hfb-below-header-display":"","ast-hfb-mobile-header-display":"","site-post-title":"","ast-breadcrumbs-content":"","ast-featured-img":"","footer-sml-layout":"","theme-transparent-header-meta":"","adv-header-id-meta":"","stick-header-meta":"","header-above-stick-meta":"","header-main-stick-meta":"","header-below-stick-meta":"","astra-migrate-meta-layouts":"default","ast-page-background-enabled":"default","ast-page-background-meta":{"desktop":{"background-color":"var(--ast-global-color-4)","background-image":"","background-repeat":"repeat","background-position":"center center","background-size":"auto","background-attachment":"scroll","background-type":"","background-media":"","overlay-type":"","overlay-color":"","overlay-opacity":"","overlay-gradient":""},"tablet":{"background-color":"","background-image":"","background-repeat":"repeat","background-position":"center center","background-size":"auto","background-attachment":"scroll","background-type":"","background-media":"","overlay-type":"","overlay-color":"","overlay-opacity":"","overlay-gradient":""},"mobile":{"background-color":"","background-image":"","background-repeat":"repeat","background-position":"center center","background-size":"auto","background-attachment":"scroll","background-type":"","background-media":"","overlay-type":"","overlay-color":"","overlay-opacity":"","overlay-gradient":""}},"ast-content-background-meta":{"desktop":{"background-color":"var(--ast-global-color-5)","background-image":"","background-repeat":"repeat","background-position":"center center","background-size":"auto","background-attachment":"scroll","background-type":"","background-media":"","overlay-type":"","overlay-color":"","overlay-opacity":"","overlay-gradient":""},"tablet":{"background-color":"var(--ast-global-color-5)","background-image":"","background-repeat":"repeat","background-position":"center center","background-size":"auto","background-attachment":"scroll","background-type":"","background-media":"","overlay-type":"","overlay-color":"","overlay-opacity":"","overlay-gradient":""},"mobile":{"background-color":"var(--ast-global-color-5)","background-image":"","background-repeat":"repeat","background-position":"center center","background-size":"auto","background-attachment":"scroll","background-type":"","background-media":"","overlay-type":"","overlay-color":"","overlay-opacity":"","overlay-gradient":""}},"footnotes":""},"class_list":["post-1892","page","type-page","status-publish","hentry"],"acf":[],"yoast_head":"<!-- This site is optimized with the Yoast SEO plugin v22.8 - https:\/\/yoast.com\/wordpress\/plugins\/seo\/ -->\n<title>Pol\u00edtica de Cookies - BP Diagonal Rambla<\/title>\n<meta name=\"robots\" content=\"index, follow, max-snippet:-1, max-image-preview:large, max-video-preview:-1\" \/>\n<link rel=\"canonical\" href=\"https:\/\/parkingdiagonalrambla.es\/fr\/cookies\/\" \/>\n<meta property=\"og:locale\" content=\"fr_FR\" \/>\n<meta property=\"og:type\" content=\"article\" \/>\n<meta property=\"og:title\" content=\"Pol\u00edtica de Cookies - BP Diagonal Rambla\" \/>\n<meta property=\"og:description\" content=\"Pol\u00edtica de Privacidad Pol\u00edtica de Privacidad \u00daltima Actualizaci\u00f3n: 18-Jun-2024 Fecha de Entrada en Vigor: 18-Jun-2024 Podemos modificar esta Pol\u00edtica de [&hellip;]\" \/>\n<meta property=\"og:url\" content=\"https:\/\/parkingdiagonalrambla.es\/fr\/cookies\/\" \/>\n<meta property=\"og:site_name\" content=\"BP Diagonal Rambla\" \/>\n<meta property=\"article:modified_time\" content=\"2024-06-18T08:20:30+00:00\" \/>\n<meta name=\"twitter:card\" content=\"summary_large_image\" \/>\n<meta name=\"twitter:label1\" content=\"Dur\u00e9e de lecture estim\u00e9e\" \/>\n\t<meta name=\"twitter:data1\" content=\"3 minutes\" \/>\n<script type=\"application\/ld+json\" class=\"yoast-schema-graph\">{\"@context\":\"https:\/\/schema.org\",\"@graph\":[{\"@type\":\"WebPage\",\"@id\":\"https:\/\/parkingdiagonalrambla.es\/cookies\/\",\"url\":\"https:\/\/parkingdiagonalrambla.es\/cookies\/\",\"name\":\"Pol\u00edtica de Cookies - BP Diagonal Rambla\",\"isPartOf\":{\"@id\":\"https:\/\/parkingdiagonalrambla.es\/#website\"},\"datePublished\":\"2024-06-12T10:29:37+00:00\",\"dateModified\":\"2024-06-18T08:20:30+00:00\",\"breadcrumb\":{\"@id\":\"https:\/\/parkingdiagonalrambla.es\/cookies\/#breadcrumb\"},\"inLanguage\":\"fr-FR\",\"potentialAction\":[{\"@type\":\"ReadAction\",\"target\":[\"https:\/\/parkingdiagonalrambla.es\/cookies\/\"]}]},{\"@type\":\"BreadcrumbList\",\"@id\":\"https:\/\/parkingdiagonalrambla.es\/cookies\/#breadcrumb\",\"itemListElement\":[{\"@type\":\"ListItem\",\"position\":1,\"name\":\"Home\",\"item\":\"https:\/\/parkingdiagonalrambla.es\/\"},{\"@type\":\"ListItem\",\"position\":2,\"name\":\"Pol\u00edtica de Cookies\"}]},{\"@type\":\"WebSite\",\"@id\":\"https:\/\/parkingdiagonalrambla.es\/#website\",\"url\":\"https:\/\/parkingdiagonalrambla.es\/\",\"name\":\"BP Diagonal Rambla\",\"description\":\"\",\"potentialAction\":[{\"@type\":\"SearchAction\",\"target\":{\"@type\":\"EntryPoint\",\"urlTemplate\":\"https:\/\/parkingdiagonalrambla.es\/?s={search_term_string}\"},\"query-input\":\"required name=search_term_string\"}],\"inLanguage\":\"fr-FR\"}]}<\/script>\n<!-- \/ Yoast SEO plugin. -->","yoast_head_json":{"title":"Pol\u00edtica de Cookies - BP Diagonal Rambla","robots":{"index":"index","follow":"follow","max-snippet":"max-snippet:-1","max-image-preview":"max-image-preview:large","max-video-preview":"max-video-preview:-1"},"canonical":"https:\/\/parkingdiagonalrambla.es\/fr\/cookies\/","og_locale":"fr_FR","og_type":"article","og_title":"Pol\u00edtica de Cookies - BP Diagonal Rambla","og_description":"Pol\u00edtica de Privacidad Pol\u00edtica de Privacidad \u00daltima Actualizaci\u00f3n: 18-Jun-2024 Fecha de Entrada en Vigor: 18-Jun-2024 Podemos modificar esta Pol\u00edtica de [&hellip;]","og_url":"https:\/\/parkingdiagonalrambla.es\/fr\/cookies\/","og_site_name":"BP Diagonal Rambla","article_modified_time":"2024-06-18T08:20:30+00:00","twitter_card":"summary_large_image","twitter_misc":{"Dur\u00e9e de lecture estim\u00e9e":"3 minutes"},"schema":{"@context":"https:\/\/schema.org","@graph":[{"@type":"WebPage","@id":"https:\/\/parkingdiagonalrambla.es\/cookies\/","url":"https:\/\/parkingdiagonalrambla.es\/cookies\/","name":"Pol\u00edtica de Cookies - BP Diagonal Rambla","isPartOf":{"@id":"https:\/\/parkingdiagonalrambla.es\/#website"},"datePublished":"2024-06-12T10:29:37+00:00","dateModified":"2024-06-18T08:20:30+00:00","breadcrumb":{"@id":"https:\/\/parkingdiagonalrambla.es\/cookies\/#breadcrumb"},"inLanguage":"fr-FR","potentialAction":[{"@type":"ReadAction","target":["https:\/\/parkingdiagonalrambla.es\/cookies\/"]}]},{"@type":"BreadcrumbList","@id":"https:\/\/parkingdiagonalrambla.es\/cookies\/#breadcrumb","itemListElement":[{"@type":"ListItem","position":1,"name":"Home","item":"https:\/\/parkingdiagonalrambla.es\/"},{"@type":"ListItem","position":2,"name":"Pol\u00edtica de Cookies"}]},{"@type":"WebSite","@id":"https:\/\/parkingdiagonalrambla.es\/#website","url":"https:\/\/parkingdiagonalrambla.es\/","name":"BP Diagonal Rambla","description":"","potentialAction":[{"@type":"SearchAction","target":{"@type":"EntryPoint","urlTemplate":"https:\/\/parkingdiagonalrambla.es\/?s={search_term_string}"},"query-input":"required name=search_term_string"}],"inLanguage":"fr-FR"}]}},"_links":{"self":[{"href":"https:\/\/parkingdiagonalrambla.es\/fr\/wp-json\/wp\/v2\/pages\/1892","targetHints":{"allow":["GET"]}}],"collection":[{"href":"https:\/\/parkingdiagonalrambla.es\/fr\/wp-json\/wp\/v2\/pages"}],"about":[{"href":"https:\/\/parkingdiagonalrambla.es\/fr\/wp-json\/wp\/v2\/types\/page"}],"author":[{"embeddable":true,"href":"https:\/\/parkingdiagonalrambla.es\/fr\/wp-json\/wp\/v2\/users\/1"}],"replies":[{"embeddable":true,"href":"https:\/\/parkingdiagonalrambla.es\/fr\/wp-json\/wp\/v2\/comments?post=1892"}],"version-history":[{"count":54,"href":"https:\/\/parkingdiagonalrambla.es\/fr\/wp-json\/wp\/v2\/pages\/1892\/revisions"}],"predecessor-version":[{"id":2034,"href":"https:\/\/parkingdiagonalrambla.es\/fr\/wp-json\/wp\/v2\/pages\/1892\/revisions\/2034"}],"wp:attachment":[{"href":"https:\/\/parkingdiagonalrambla.es\/fr\/wp-json\/wp\/v2\/media?parent=1892"}],"curies":[{"name":"wp","href":"https:\/\/api.w.org\/{rel}","templated":true}]}}