{"id":1892,"date":"2024-06-12T12:29:37","date_gmt":"2024-06-12T10:29:37","guid":{"rendered":"https:\/\/builder.kanalioapp.com\/?page_id=1892"},"modified":"2024-06-18T10:20:30","modified_gmt":"2024-06-18T08:20:30","slug":"cookies","status":"publish","type":"page","link":"https:\/\/parkingdiagonalrambla.es\/en\/cookies\/","title":{"rendered":"Cookies policy"},"content":{"rendered":"<div data-elementor-type=\"wp-page\" data-elementor-id=\"1892\" class=\"elementor elementor-1892\" data-elementor-post-type=\"page\">\n\t\t\t\t<div class=\"elementor-element elementor-element-7ce2e83 e-flex e-con-boxed e-con e-parent\" data-id=\"7ce2e83\" data-element_type=\"container\">\n\t\t\t\t\t<div class=\"e-con-inner\">\n\t\t\t\t<div class=\"elementor-element elementor-element-a892012 elementor-widget elementor-widget-html\" data-id=\"a892012\" data-element_type=\"widget\" data-widget_type=\"html.default\">\n\t\t\t\t<div class=\"elementor-widget-container\">\n\t\t\t\t\t<!DOCTYPE html>\n<html lang=\"es\">\n<head>\n    <meta charset=\"UTF-8\">\n    <title>Privacy Policy<\/title>\n    <style>\n        \/* Agrega alg\u00fan estilo b\u00e1sico para que sea m\u00e1s agradable visualmente *\/\n       \n        p, ol, li {\n            margin-bottom: 10px;\n        }\n    <\/style>\n<\/head>\n<body>\n    <h1 class=\"privacy-policy-h1\">Privacy Policy<\/h1>\n    <br><span>Last Update: 18-Jun-2024<\/span>\n    <br><span>Effective Date: 18-Jun-2024<\/span>\n    \n\n    <p class=\"privacy-policy-p\" id=\"intro\"><\/p>\n\n    <p class=\"privacy-policy-p\">\n        We may modify this Privacy Policy at any time without notice and will post the revised Privacy Policy on the Service. The revised Policy will be effective 180 days from its posting on the Service and your continued access or use of the Service after such time will constitute your acceptance of the revised Privacy Policy. We therefore encourage you to periodically review this page.\n    <\/p>\n\n    <ol class=\"privacy-policy-ol\">\n        <li>\n            <h2 class=\"privacy-policy-h2\">\n                Information We Collect:\n            <\/h2>\n            <p class=\"privacy-policy-p\">\n                We will collect and process the following personal information about you:\n            <\/p>\n            <ol class=\"privacy-policy-ol\">\n                <li>Name<\/li>\n                <li>Email<\/li>\n                <li>Mobile<\/li>\n            <\/ol>\n        <\/li>\n\n        <li>\n            <h2 class=\"privacy-policy-h2\">\n                How We Use Your Information:\n            <\/h2>\n            <p class=\"privacy-policy-p\">\n                We will use the information we collect about you for the following purposes:\n            <\/p>\n            <ol class=\"privacy-policy-ol\">\n                <li>Manage customer order<\/li>\n            <\/ol>\n            <p class=\"privacy-policy-p\">\n                If we want to use your information for any other purpose, we will ask for your consent and will use your information only upon receipt of your consent and only for the purpose(s) for which you provide your consent, unless we are required to do otherwise by law.\n            <\/p>\n        <\/li>\n\n        <li>\n            <h2 class=\"privacy-policy-h2\">\n                Retention of Your Information:\n            <\/h2>\n            <p class=\"privacy-policy-p\">\n                We will retain your personal information with us for a period of 90 days to 2 years after the user terminates the account or as long as we need it to fulfill the purposes for which it was collected, as detailed in this Privacy Policy. We may need to retain certain information for longer periods, such as record keeping or reporting in accordance with applicable law or for other legitimate reasons, such as enforcement of legal rights, fraud prevention, etc. Anonymous residual information and aggregated information, which does not identify you (directly or indirectly), may be stored indefinitely.\n            <\/p>\n        <\/li>\n    \n        <li>\n            <h2 class=\"privacy-policy-h2\">\n                Your Rights:\n            <\/h2>\n            <p class=\"privacy-policy-p\">\n                Depending on the applicable law, you may have the right to access and rectify or erase your personal data or receive a copy of your personal data, restrict or object to the active processing of your data, ask us to share (port) your personal information to another entity, withdraw any consent you have provided to us to process your data, the right to lodge a complaint with a legal authority, and other relevant rights under applicable laws. To exercise these rights, you may write to us at\n                <span id=\"email\"><\/span>We will respond to your request in accordance with applicable law.\n            <\/p>\n            <p class=\"privacy-policy-p\">\n                Please note that if you do not allow us to collect or process the necessary personal information or withdraw your consent to process it for the required purposes, you may not be able to access or use the services for which your information was requested.\n            <\/p>\n        <\/li>\n\n        <li>\n            <h2 class=\"privacy-policy-h2\">\n                Security:\n            <\/h2>\n            <p class=\"privacy-policy-p\">\n                The security of your information is important to us and we will use reasonable security measures to prevent the loss, misuse or unauthorized alteration of your information under our control. However, given the inherent nature of the risks, we cannot guarantee absolute security and therefore we cannot ensure or warrant the security of any information you transmit to us and you do so at your own risk.\n            <\/p>\n        <\/li>\n\n        <li>\n            <h2 class=\"privacy-policy-h2\">\n                Complaints \/ Data Protection Officer:\n            <\/h2>\n            <p class=\"privacy-policy-p\">\n                If you have any queries or concerns about the processing of your information in our possession, you may email our Data Protection Officer at\n                <span id=\"parkingName\"><\/span>,\n                <span id=\"address\"><\/span>, email: <span id=\"email2\"><\/span>We will address your concerns in accordance with applicable law.\n            <\/p>\n        <\/li>\n    <\/ol>\n\n\n    <script>\n \n\n        \/\/ Insertar los datos din\u00e1micamente en el HTML\n        document.getElementById(\"intro\").innerHTML = `${parkingName},<br>${address},<br>${city},<br>${postalCode},<br>${country},<br>email: <a href=\"mailto:${email}\">${email}<\/a>,<br>tel\u00e9fono: ${phone}<br>sobre la recopilaci\u00f3n, uso y divulgaci\u00f3n de su informaci\u00f3n que recopilamos cuando utiliza nuestro sitio web (<a href=\"${website}\">${website}<\/a>). (el \u201cServicio\u201d). Al acceder o usar el Servicio, usted consiente la recopilaci\u00f3n, uso y divulgaci\u00f3n de su informaci\u00f3n de acuerdo con esta Pol\u00edtica de Privacidad. Si no consiente lo mismo, por favor, no acceda ni use el Servicio.`;\n\n        document.getElementById(\"email\").innerHTML = `<a href=\"mailto:${email}\">${email}<\/a>`;\n        document.getElementById(\"parkingName\").textContent = parkingName;\n        document.getElementById(\"address\").textContent = `${address}, ${city}, ${postalCode}, ${country}`;\n        document.getElementById(\"email2\").innerHTML = `<a href=\"mailto:${email}\">${email}<\/a>`;\n    <\/script>\n<\/body>\n<\/html>\n\t\t\t\t<\/div>\n\t\t\t\t<\/div>\n\t\t\t\t\t<\/div>\n\t\t\t\t<\/div>\n\t\t<div class=\"elementor-element elementor-element-0efdb13 e-flex e-con-boxed e-con e-parent\" data-id=\"0efdb13\" data-element_type=\"container\">\n\t\t\t\t\t<div class=\"e-con-inner\">\n\t\t\t\t<div class=\"elementor-element elementor-element-bfddad7 elementor-widget elementor-widget-html\" data-id=\"bfddad7\" data-element_type=\"widget\" data-widget_type=\"html.default\">\n\t\t\t\t<div class=\"elementor-widget-container\">\n\t\t\t\t\t<script>\n    document.addEventListener(\"DOMContentLoaded\", function() {\n    \/\/ Accede a los datos localizados\n    const parkingName = acfData.parkingName || \"Nombre del Parking no disponible\";\n    const address = acfData.address || \"Direcci\u00f3n no disponible\";\n    const city = acfData.city || \"Ciudad no disponible\";\n    const postalCode = acfData.postalCode || \"C\u00f3digo Postal no disponible\";\n    const country = acfData.country || \"Pa\u00eds no disponible\";\n    const email = acfData.email || \"Correo no disponible\";\n    const phone = acfData.phone || \"Tel\u00e9fono no disponible\";\n    const website = acfData.website;\n\n    \/\/ Ahora puedes usar estos datos para actualizar el contenido del DOM o cualquier otro uso\n    console.log(\"Parking Name:\", parkingName);\n    console.log(\"Address:\", address);\n    console.log(\"City:\", city);\n    console.log(\"Postal Code:\", postalCode);\n    console.log(\"Country:\", country);\n    console.log(\"Email:\", email);\n    console.log(\"Phone:\", phone);\n    console.log(\"Website:\", website);\n\n    \/\/ Por ejemplo, actualizando el contenido de los elementos HTML\n    document.getElementById(\"intro\").innerHTML = `${parkingName},<br>${address},${city},${postalCode}, ${country},<br>Correo electr\u00f3nico: <a href=\"mailto:${email}\">${email}<\/a>,<br>Tel\u00e9fono de contacto: ${phone}<br> P\u00e1gina web: <a href=\"${website}\">${website}<\/a>`;\n\n    document.getElementById(\"email\").innerHTML = `<a href=\"mailto:${email}\">${email}<\/a>`;\n    document.getElementById(\"parkingName\").textContent = parkingName;\n    document.getElementById(\"address\").textContent = `${address}, ${city}, ${postalCode}, ${country}`;\n    document.getElementById(\"email2\").innerHTML = `<a href=\"mailto:${email}\">${email}<\/a>`;\n});\n\n<\/script>\t\t\t\t<\/div>\n\t\t\t\t<\/div>\n\t\t\t\t\t<\/div>\n\t\t\t\t<\/div>\n\t\t\t\t<\/div>","protected":false},"excerpt":{"rendered":"<p>Pol\u00edtica de Privacidad Pol\u00edtica de Privacidad \u00daltima Actualizaci\u00f3n: 18-Jun-2024 Fecha de Entrada en Vigor: 18-Jun-2024 Podemos modificar esta Pol\u00edtica de [&hellip;]<\/p>","protected":false},"author":1,"featured_media":0,"parent":0,"menu_order":0,"comment_status":"closed","ping_status":"closed","template":"elementor_header_footer","meta":{"site-sidebar-layout":"default","site-content-layout":"","ast-site-content-layout":"","site-content-style":"default","site-sidebar-style":"default","ast-global-header-display":"","ast-banner-title-visibility":"","ast-main-header-display":"","ast-hfb-above-header-display":"","ast-hfb-below-header-display":"","ast-hfb-mobile-header-display":"","site-post-title":"","ast-breadcrumbs-content":"","ast-featured-img":"","footer-sml-layout":"","theme-transparent-header-meta":"","adv-header-id-meta":"","stick-header-meta":"","header-above-stick-meta":"","header-main-stick-meta":"","header-below-stick-meta":"","astra-migrate-meta-layouts":"default","ast-page-background-enabled":"default","ast-page-background-meta":{"desktop":{"background-color":"var(--ast-global-color-4)","background-image":"","background-repeat":"repeat","background-position":"center center","background-size":"auto","background-attachment":"scroll","background-type":"","background-media":"","overlay-type":"","overlay-color":"","overlay-opacity":"","overlay-gradient":""},"tablet":{"background-color":"","background-image":"","background-repeat":"repeat","background-position":"center center","background-size":"auto","background-attachment":"scroll","background-type":"","background-media":"","overlay-type":"","overlay-color":"","overlay-opacity":"","overlay-gradient":""},"mobile":{"background-color":"","background-image":"","background-repeat":"repeat","background-position":"center center","background-size":"auto","background-attachment":"scroll","background-type":"","background-media":"","overlay-type":"","overlay-color":"","overlay-opacity":"","overlay-gradient":""}},"ast-content-background-meta":{"desktop":{"background-color":"var(--ast-global-color-5)","background-image":"","background-repeat":"repeat","background-position":"center center","background-size":"auto","background-attachment":"scroll","background-type":"","background-media":"","overlay-type":"","overlay-color":"","overlay-opacity":"","overlay-gradient":""},"tablet":{"background-color":"var(--ast-global-color-5)","background-image":"","background-repeat":"repeat","background-position":"center center","background-size":"auto","background-attachment":"scroll","background-type":"","background-media":"","overlay-type":"","overlay-color":"","overlay-opacity":"","overlay-gradient":""},"mobile":{"background-color":"var(--ast-global-color-5)","background-image":"","background-repeat":"repeat","background-position":"center center","background-size":"auto","background-attachment":"scroll","background-type":"","background-media":"","overlay-type":"","overlay-color":"","overlay-opacity":"","overlay-gradient":""}},"footnotes":""},"class_list":["post-1892","page","type-page","status-publish","hentry"],"acf":[],"yoast_head":"<!-- This site is optimized with the Yoast SEO plugin v22.8 - https:\/\/yoast.com\/wordpress\/plugins\/seo\/ -->\n<title>Pol\u00edtica de Cookies - BP Diagonal Rambla<\/title>\n<meta name=\"robots\" content=\"index, follow, max-snippet:-1, max-image-preview:large, max-video-preview:-1\" \/>\n<link rel=\"canonical\" href=\"https:\/\/parkingdiagonalrambla.es\/en\/cookies\/\" \/>\n<meta property=\"og:locale\" content=\"en_GB\" \/>\n<meta property=\"og:type\" content=\"article\" \/>\n<meta property=\"og:title\" content=\"Pol\u00edtica de Cookies - BP Diagonal Rambla\" \/>\n<meta property=\"og:description\" content=\"Pol\u00edtica de Privacidad Pol\u00edtica de Privacidad \u00daltima Actualizaci\u00f3n: 18-Jun-2024 Fecha de Entrada en Vigor: 18-Jun-2024 Podemos modificar esta Pol\u00edtica de [&hellip;]\" \/>\n<meta property=\"og:url\" content=\"https:\/\/parkingdiagonalrambla.es\/en\/cookies\/\" \/>\n<meta property=\"og:site_name\" content=\"BP Diagonal Rambla\" \/>\n<meta property=\"article:modified_time\" content=\"2024-06-18T08:20:30+00:00\" \/>\n<meta name=\"twitter:card\" content=\"summary_large_image\" \/>\n<meta name=\"twitter:label1\" content=\"Estimated reading time\" \/>\n\t<meta name=\"twitter:data1\" content=\"3 minutes\" \/>\n<script type=\"application\/ld+json\" class=\"yoast-schema-graph\">{\"@context\":\"https:\/\/schema.org\",\"@graph\":[{\"@type\":\"WebPage\",\"@id\":\"https:\/\/parkingdiagonalrambla.es\/cookies\/\",\"url\":\"https:\/\/parkingdiagonalrambla.es\/cookies\/\",\"name\":\"Pol\u00edtica de Cookies - BP Diagonal Rambla\",\"isPartOf\":{\"@id\":\"https:\/\/parkingdiagonalrambla.es\/#website\"},\"datePublished\":\"2024-06-12T10:29:37+00:00\",\"dateModified\":\"2024-06-18T08:20:30+00:00\",\"breadcrumb\":{\"@id\":\"https:\/\/parkingdiagonalrambla.es\/cookies\/#breadcrumb\"},\"inLanguage\":\"en-GB\",\"potentialAction\":[{\"@type\":\"ReadAction\",\"target\":[\"https:\/\/parkingdiagonalrambla.es\/cookies\/\"]}]},{\"@type\":\"BreadcrumbList\",\"@id\":\"https:\/\/parkingdiagonalrambla.es\/cookies\/#breadcrumb\",\"itemListElement\":[{\"@type\":\"ListItem\",\"position\":1,\"name\":\"Home\",\"item\":\"https:\/\/parkingdiagonalrambla.es\/\"},{\"@type\":\"ListItem\",\"position\":2,\"name\":\"Pol\u00edtica de Cookies\"}]},{\"@type\":\"WebSite\",\"@id\":\"https:\/\/parkingdiagonalrambla.es\/#website\",\"url\":\"https:\/\/parkingdiagonalrambla.es\/\",\"name\":\"BP Diagonal Rambla\",\"description\":\"\",\"potentialAction\":[{\"@type\":\"SearchAction\",\"target\":{\"@type\":\"EntryPoint\",\"urlTemplate\":\"https:\/\/parkingdiagonalrambla.es\/?s={search_term_string}\"},\"query-input\":\"required name=search_term_string\"}],\"inLanguage\":\"en-GB\"}]}<\/script>\n<!-- \/ Yoast SEO plugin. -->","yoast_head_json":{"title":"Pol\u00edtica de Cookies - BP Diagonal Rambla","robots":{"index":"index","follow":"follow","max-snippet":"max-snippet:-1","max-image-preview":"max-image-preview:large","max-video-preview":"max-video-preview:-1"},"canonical":"https:\/\/parkingdiagonalrambla.es\/en\/cookies\/","og_locale":"en_GB","og_type":"article","og_title":"Pol\u00edtica de Cookies - BP Diagonal Rambla","og_description":"Pol\u00edtica de Privacidad Pol\u00edtica de Privacidad \u00daltima Actualizaci\u00f3n: 18-Jun-2024 Fecha de Entrada en Vigor: 18-Jun-2024 Podemos modificar esta Pol\u00edtica de [&hellip;]","og_url":"https:\/\/parkingdiagonalrambla.es\/en\/cookies\/","og_site_name":"BP Diagonal Rambla","article_modified_time":"2024-06-18T08:20:30+00:00","twitter_card":"summary_large_image","twitter_misc":{"Estimated reading time":"3 minutes"},"schema":{"@context":"https:\/\/schema.org","@graph":[{"@type":"WebPage","@id":"https:\/\/parkingdiagonalrambla.es\/cookies\/","url":"https:\/\/parkingdiagonalrambla.es\/cookies\/","name":"Pol\u00edtica de Cookies - BP Diagonal Rambla","isPartOf":{"@id":"https:\/\/parkingdiagonalrambla.es\/#website"},"datePublished":"2024-06-12T10:29:37+00:00","dateModified":"2024-06-18T08:20:30+00:00","breadcrumb":{"@id":"https:\/\/parkingdiagonalrambla.es\/cookies\/#breadcrumb"},"inLanguage":"en-GB","potentialAction":[{"@type":"ReadAction","target":["https:\/\/parkingdiagonalrambla.es\/cookies\/"]}]},{"@type":"BreadcrumbList","@id":"https:\/\/parkingdiagonalrambla.es\/cookies\/#breadcrumb","itemListElement":[{"@type":"ListItem","position":1,"name":"Home","item":"https:\/\/parkingdiagonalrambla.es\/"},{"@type":"ListItem","position":2,"name":"Pol\u00edtica de Cookies"}]},{"@type":"WebSite","@id":"https:\/\/parkingdiagonalrambla.es\/#website","url":"https:\/\/parkingdiagonalrambla.es\/","name":"BP Diagonal Rambla","description":"","potentialAction":[{"@type":"SearchAction","target":{"@type":"EntryPoint","urlTemplate":"https:\/\/parkingdiagonalrambla.es\/?s={search_term_string}"},"query-input":"required name=search_term_string"}],"inLanguage":"en-GB"}]}},"_links":{"self":[{"href":"https:\/\/parkingdiagonalrambla.es\/en\/wp-json\/wp\/v2\/pages\/1892","targetHints":{"allow":["GET"]}}],"collection":[{"href":"https:\/\/parkingdiagonalrambla.es\/en\/wp-json\/wp\/v2\/pages"}],"about":[{"href":"https:\/\/parkingdiagonalrambla.es\/en\/wp-json\/wp\/v2\/types\/page"}],"author":[{"embeddable":true,"href":"https:\/\/parkingdiagonalrambla.es\/en\/wp-json\/wp\/v2\/users\/1"}],"replies":[{"embeddable":true,"href":"https:\/\/parkingdiagonalrambla.es\/en\/wp-json\/wp\/v2\/comments?post=1892"}],"version-history":[{"count":54,"href":"https:\/\/parkingdiagonalrambla.es\/en\/wp-json\/wp\/v2\/pages\/1892\/revisions"}],"predecessor-version":[{"id":2034,"href":"https:\/\/parkingdiagonalrambla.es\/en\/wp-json\/wp\/v2\/pages\/1892\/revisions\/2034"}],"wp:attachment":[{"href":"https:\/\/parkingdiagonalrambla.es\/en\/wp-json\/wp\/v2\/media?parent=1892"}],"curies":[{"name":"wp","href":"https:\/\/api.w.org\/{rel}","templated":true}]}}